{"id":853,"date":"2023-05-29T16:27:49","date_gmt":"2023-05-29T21:27:49","guid":{"rendered":"https:\/\/cyemedica.com\/web\/?page_id=853"},"modified":"2023-05-29T16:31:10","modified_gmt":"2023-05-29T21:31:10","slug":"nosotros","status":"publish","type":"page","link":"https:\/\/cyemedica.com\/web\/nosotros\/","title":{"rendered":"Nosotros"},"content":{"rendered":"\n<div class=\"row mb-5 align-items-center text-center text-md-start\">\n\t<div class=\"col-xl-6 mb-5 mb-xl-0\">\n\t\t<figure>\n\t\t\t<img decoding=\"async\" class=\"img-fluid\" src=\"https:\/\/cyemedica.com\/web\/wp-content\/uploads\/hermanos.jpg\" alt=\"\">\n\t\t<\/figure>\n\t<\/div>\n\t<div class=\"col-xl-6\">\n\t\t<header class=\"title-section text-start separator-top mb-4\">\n\t\t\t<h2>Sobre Nosotros<\/h2>\n\t\t<\/header>\n\n\t\t<p>Consultora y Equipadora M\u00e9dica, es una empresa que fue fundada el 18 de septiembre de 1990 con el <strong>objetivo de contribuir, a trav\u00e9s de la tecnolog\u00eda<\/strong>, con las empresas y profesionales que se dedican al cuidado y <strong>mejora de la salud de las personas.<\/strong><\/p>\n\n\t\t<p>Como su propio nombre lo indica, Consultora y Equipadora M\u00e9dica conceptualiz\u00f3 el desarrollo de sus actividades en entender primero las necesidades de sus clientes y asesorarlos para llevar a cabo sus proyectos de equipamiento, es decir, la consultor\u00eda como paso previo y muy importante para luego pasar al equipamiento m\u00e9dico.<\/p>\n\n\t\t<p>Consultora y Equipadora M\u00e9dica es una empresa con m\u00e1s de <strong>31 a\u00f1os de experiencia<\/strong>, enfocada en traer a nuestro pa\u00eds equipamiento y soluciones de tecnolog\u00eda para contribuir al desarrollo de tres importantes campos en la atenci\u00f3n de la salud: <strong>El Diagn\u00f3stico, El Tratamiento y La Administraci\u00f3n de la Informaci\u00f3n.<\/strong><\/p>\n\n\t\t<header class=\"title-section text-start separator-top mb-4 mt-5\">\n\t\t\t<h3>Visi\u00f3n<\/h3>\n\t\t<\/header>\n\t\t<p>Ser una empresa perdurable en el tiempo, referente a nivel mundial en la especialidad de soluciones basadas en tecnolog\u00edas para el campo del cuidado de la salud, as\u00ed como el proveedor preferido en su mercado objetivo.<\/p>\n\t<\/div>\n<\/div>\n<div class=\"row mb-5\">\n\t<div class=\"col-12\">\n\t\t<header class=\"title-section text-start separator-top\">\n\t\t\t<h2>Nuestros Pilares<\/h2>\n\t\t<\/header>\n\t<\/div>\n<\/div>\n<div class=\"row mb-lg-5 mb-3 text-center text-md-start\">\n\t<div class=\"col-lg-4 mb-3 mb-lg-0\">\n\t\t<div class=\"row\">\n\t\t\t<div class=\"col-xl-auto col-lg-12 col-md-auto col-12\">\n\t\t\t\t<figure>\n\t\t\t\t\t<img loading=\"lazy\" decoding=\"async\" width=\"80\" height=\"80\" class=\"img-fluid\" src=\"https:\/\/cyemedica.com\/web\/wp-content\/uploads\/integridad.svg\" alt=\"\">\n\t\t\t\t<\/figure>\n\t\t\t<\/div>\n\t\t\t<div class=\"col-xl col-lg-12 col-md col-12\">\n\t\t\t\t<h3>Integridad<\/h3>\n\t\t\t\t<p>Con el objetivo de brindar un servicio completo y transparente a los clientes y trabajadores, nos regimos a todas las normas legales, para ser el mejor ejemplo para el estado, familiares, clientes y trabajadores.<\/p>\n\t\t\t<\/div>\n\t\t<\/div>\n\t<\/div>\n\t<div class=\"col-lg-4 mb-3 mb-lg-0\">\n\t\t<div class=\"row\">\n\t\t\t<div class=\"col-xl-auto col-lg-12 col-md-auto col-12\">\n\t\t\t\t<figure>\n\t\t\t\t\t<img loading=\"lazy\" decoding=\"async\" width=\"80\" height=\"80\" class=\"img-fluid\" src=\"https:\/\/cyemedica.com\/web\/wp-content\/uploads\/salud.svg\" alt=\"\">\n\t\t\t\t<\/figure>\n\t\t\t<\/div>\n\t\t\t<div class=\"col-xl col-lg-12 col-md col-12\">\n\t\t\t\t<h3>Salud<\/h3>\n\t\t\t\t<p>En Consultora y Equipadora M\u00e9dica te ayudamos por medio del servicio que realiza cada integrante de C&amp;E M\u00e9dica, logramos que cada a\u00f1o m\u00e1s cl\u00ednicas, hospitales y m\u00e9dicos independientes puedan obtener equipos que los ayuden a obtener resultados m\u00e1s precisos con los pacientes, logrando prevenir y salvar vidas.<\/p>\n\t\t\t<\/div>\n\t\t<\/div>\n\t<\/div>\n\t<div class=\"col-lg-4 mb-3 mb-lg-0\">\n\t\t<div class=\"row\">\n\t\t\t<div class=\"col-xl-auto col-lg-12 col-md-auto col-12\">\n\t\t\t\t<figure>\n\t\t\t\t\t<img loading=\"lazy\" decoding=\"async\" width=\"80\" height=\"80\" class=\"img-fluid\" src=\"https:\/\/cyemedica.com\/web\/wp-content\/uploads\/familia.svg\" alt=\"\">\n\t\t\t\t<\/figure>\n\t\t\t<\/div>\n\t\t\t<div class=\"col-xl col-lg-12 col-md col-12\">\n\t\t\t\t<h3>Familia<\/h3>\n\t\t\t\t<p>Empresa familiar, los due\u00f1os de la empresa son hermanos Guerrero y entre los trabajadores tambi\u00e9n hay familiares Guerrero. Es una familia que trasmite mucha tranquilidad, simpat\u00eda y respeto, siendo estos puntos importantes para realizar trabajos en equipo y exitosos.<\/p>\n\t\t\t<\/div>\n\t\t<\/div>\n\t<\/div>\n<\/div>\n\n\n\n<p><\/p>\n","protected":false},"excerpt":{"rendered":"<p>Sobre Nosotros Consultora y Equipadora M\u00e9dica, es una empresa que fue fundada el 18 de septiembre de 1990 con el [&hellip;]<\/p>\n","protected":false},"author":6,"featured_media":0,"parent":0,"menu_order":0,"comment_status":"closed","ping_status":"closed","template":"","meta":{"_monsterinsights_skip_tracking":false,"_monsterinsights_sitenote_active":false,"_monsterinsights_sitenote_note":"","_monsterinsights_sitenote_category":0,"_uf_show_specific_survey":0,"_uf_disable_surveys":false,"footnotes":""},"class_list":["post-853","page","type-page","status-publish","hentry"],"_links":{"self":[{"href":"https:\/\/cyemedica.com\/web\/wp-json\/wp\/v2\/pages\/853","targetHints":{"allow":["GET"]}}],"collection":[{"href":"https:\/\/cyemedica.com\/web\/wp-json\/wp\/v2\/pages"}],"about":[{"href":"https:\/\/cyemedica.com\/web\/wp-json\/wp\/v2\/types\/page"}],"author":[{"embeddable":true,"href":"https:\/\/cyemedica.com\/web\/wp-json\/wp\/v2\/users\/6"}],"replies":[{"embeddable":true,"href":"https:\/\/cyemedica.com\/web\/wp-json\/wp\/v2\/comments?post=853"}],"version-history":[{"count":5,"href":"https:\/\/cyemedica.com\/web\/wp-json\/wp\/v2\/pages\/853\/revisions"}],"predecessor-version":[{"id":859,"href":"https:\/\/cyemedica.com\/web\/wp-json\/wp\/v2\/pages\/853\/revisions\/859"}],"wp:attachment":[{"href":"https:\/\/cyemedica.com\/web\/wp-json\/wp\/v2\/media?parent=853"}],"curies":[{"name":"wp","href":"https:\/\/api.w.org\/{rel}","templated":true}]}}