{"id":2207,"date":"2024-10-31T16:47:15","date_gmt":"2024-10-31T21:47:15","guid":{"rendered":"https:\/\/cyemedica.com\/web\/?page_id=2207"},"modified":"2024-10-31T16:56:22","modified_gmt":"2024-10-31T21:56:22","slug":"guia-de-derechos-arco","status":"publish","type":"page","link":"https:\/\/cyemedica.com\/web\/guia-de-derechos-arco\/","title":{"rendered":"Gu\u00eda de Derechos Arco"},"content":{"rendered":"\n<h3 class=\"wp-block-heading\">\u00bfQu\u00e9 son los Derechos ARCO?<\/h3>\n\n\n\n<p>Los derechos ARCO son un conjunto de derechos que velan por la protecci\u00f3n de los datos personales, permiti\u00e9ndote controlar tu informaci\u00f3n personal. Para ello, la Ley N\u00b0 29733, Ley de Protecci\u00f3n de Datos Personales (LPDT) prev\u00e9 derechos que te permiten exigir que tus datos personales sean tratados adecuadamente.<\/p>\n\n\n\n<p>Con los derechos ARCO podr\u00e1s generar solicitudes respecto a tus siguientes derechos:<\/p>\n\n\n\n<ol class=\"wp-block-list\">\n<li>Derecho de acceso: Toda persona tiene derecho a obtener la informaci\u00f3n que sobre s\u00ed mismo sea objeto de tratamiento en cualquier banco de datos, la forma en que sus datos fueron recopilados, las razones que motivaron su recopilaci\u00f3n y a solicitud de qui\u00e9n se realiz\u00f3 la recopilaci\u00f3n, as\u00ed como las transferencias realizadas o qu\u00e9 se prev\u00e9 hacer de ellos.<\/li>\n\n\n\n<li>Derecho de rectificaci\u00f3n: Es el derecho que tiene todo titular de datos personales, el cual le permite modificar los datos que resulten ser parcial o totalmente inexactos, incompletos, err\u00f3neos o falsos. Tambi\u00e9n conocido como derecho de actualizaci\u00f3n e inclusi\u00f3n.<\/li>\n\n\n\n<li>Derecho de cancelaci\u00f3n: El titular de los datos personales podr\u00e1 solicitar la supresi\u00f3n o cancelaci\u00f3n de sus datos personales cuando:<br>\u2013 Hayan dejado de ser necesarios o pertinentes para la finalidad para la cual fueron recopilados.<br>\u2013 Haya vencido el plazo establecido para su tratamiento.<br>Tener en cuenta que la eliminaci\u00f3n no proceder\u00e1 cuando los datos personales deban ser conservados por razones estrictas a las leyes aplicables o relaci\u00f3n entre responsable y titular.<\/li>\n\n\n\n<li>Derecho de oposici\u00f3n: Toda persona tiene la posibilidad de, en caso est\u00e9n usando tus datos personales para otros motivos no permitidos, podr\u00e1 generar una solicitud para restringir su uso, siempre que por una ley no se disponga lo contrario.<br>Tener en cuenta que se debe indicar un motivo leg\u00edtimo y fundado sobre los datos personales que deseas restringir su uso.<\/li>\n<\/ol>\n\n\n\n<div style=\"height:40px\" aria-hidden=\"true\" class=\"wp-block-spacer\"><\/div>\n\n\n\n<h3 class=\"wp-block-heading\">Procedimiento<\/h3>\n\n\n\n<p>Env\u00edanos un correo electr\u00f3nico a la siguiente direcci\u00f3n: <a href=\"mailto:protecciondatos@cyemedica.com\">protecciondatos@cyemedica.com<\/a> adjuntando los siguientes documentos:<\/p>\n\n\n\n<ol class=\"wp-block-list\">\n<li>Solicitud de derechos ARCO, debidamente completada y firmada. El formato lo podr\u00e1s encontrar <a href=\"https:\/\/cyemedica.com\/web\/wp-content\/uploads\/CE-FORMATO-DE-SOLICITUD-DE-DERECHOS-ARCO.pdf\" target=\"_blank\" data-type=\"link\" data-id=\"https:\/\/cyemedica.com\/web\/wp-content\/uploads\/CE-FORMATO-DE-SOLICITUD-DE-DERECHOS-ARCO.pdf\" rel=\"noreferrer noopener\">aqu\u00ed<\/a>.<\/li>\n\n\n\n<li>Copia simple y legible de tu Documento Nacional de Identidad.<\/li>\n\n\n\n<li>Copia simple y legible de Vigencia de Poder Especial no mayor de 3 meses, en el caso de representaci\u00f3n.<\/li>\n\n\n\n<li>Otros, en caso consideres necesario agregar mayor informaci\u00f3n.<\/li>\n<\/ol>\n\n\n\n<div style=\"height:40px\" aria-hidden=\"true\" class=\"wp-block-spacer\"><\/div>\n\n\n\n<h3 class=\"wp-block-heading\">Plazo de atenci\u00f3n<\/h3>\n\n\n\n<p>El tiempo de respuesta para las solicitudes de derecho de Rectificaci\u00f3n, Cancelaci\u00f3n y Oposici\u00f3n es de 10 d\u00edas h\u00e1biles. Por su parte, la solicitud de Acceso tiene un plazo de respuesta de 20 d\u00edas h\u00e1biles.<\/p>\n\n\n\n<div class=\"wp-block-file aligncenter\"><a id=\"wp-block-file--media-0ecfdefc-97f2-4164-b93b-fd8e581b3ec7\" href=\"https:\/\/cyemedica.com\/web\/wp-content\/uploads\/CE-FORMATO-DE-SOLICITUD-DE-DERECHOS-ARCO.pdf\" target=\"_blank\" rel=\"noreferrer noopener\">Click aqu\u00ed para descargar la solicitud<\/a><a href=\"https:\/\/cyemedica.com\/web\/wp-content\/uploads\/CE-FORMATO-DE-SOLICITUD-DE-DERECHOS-ARCO.pdf\" class=\"wp-block-file__button wp-element-button\" download aria-describedby=\"wp-block-file--media-0ecfdefc-97f2-4164-b93b-fd8e581b3ec7\">Descargar<\/a><\/div>\n\n\n\n<p><\/p>\n","protected":false},"excerpt":{"rendered":"<p>\u00bfQu\u00e9 son los Derechos ARCO? Los derechos ARCO son un conjunto de derechos que velan por la protecci\u00f3n de los [&hellip;]<\/p>\n","protected":false},"author":11,"featured_media":0,"parent":0,"menu_order":0,"comment_status":"closed","ping_status":"closed","template":"","meta":{"_monsterinsights_skip_tracking":false,"_monsterinsights_sitenote_active":false,"_monsterinsights_sitenote_note":"","_monsterinsights_sitenote_category":0,"_uf_show_specific_survey":0,"_uf_disable_surveys":false,"footnotes":""},"class_list":["post-2207","page","type-page","status-publish","hentry"],"_links":{"self":[{"href":"https:\/\/cyemedica.com\/web\/wp-json\/wp\/v2\/pages\/2207","targetHints":{"allow":["GET"]}}],"collection":[{"href":"https:\/\/cyemedica.com\/web\/wp-json\/wp\/v2\/pages"}],"about":[{"href":"https:\/\/cyemedica.com\/web\/wp-json\/wp\/v2\/types\/page"}],"author":[{"embeddable":true,"href":"https:\/\/cyemedica.com\/web\/wp-json\/wp\/v2\/users\/11"}],"replies":[{"embeddable":true,"href":"https:\/\/cyemedica.com\/web\/wp-json\/wp\/v2\/comments?post=2207"}],"version-history":[{"count":23,"href":"https:\/\/cyemedica.com\/web\/wp-json\/wp\/v2\/pages\/2207\/revisions"}],"predecessor-version":[{"id":2234,"href":"https:\/\/cyemedica.com\/web\/wp-json\/wp\/v2\/pages\/2207\/revisions\/2234"}],"wp:attachment":[{"href":"https:\/\/cyemedica.com\/web\/wp-json\/wp\/v2\/media?parent=2207"}],"curies":[{"name":"wp","href":"https:\/\/api.w.org\/{rel}","templated":true}]}}