{"id":188,"date":"2021-11-09T19:14:05","date_gmt":"2021-11-10T00:14:05","guid":{"rendered":"https:\/\/cyemedica.com\/web\/?page_id=188"},"modified":"2021-12-27T11:43:20","modified_gmt":"2021-12-27T16:43:20","slug":"politica-de-cookies","status":"publish","type":"page","link":"https:\/\/cyemedica.com\/web\/politica-de-cookies\/","title":{"rendered":"Pol\u00edtica de Cookies"},"content":{"rendered":"\n<p>Pol\u00edtica de Cookies<\/p>\n\n\n\n<p>En esta web se respetan tus derechos, por eso te informamos que usamos cookies propias y de terceros para recolectar informaci\u00f3n y segmentar mejor lo que te mostramos conforme a tus preferencias y comportamiento de tu navegabilidad en nuestra web.<\/p>\n\n\n\n<p>Las cookies que se consideran como propias son imprescindibles para poder navegar con normalidad en nuestro sitio. No obstante, tienes la opci\u00f3n de deshabilitar y eliminar en el navegador las cookies que no son necesarias. Para saber c\u00f3mo configurar estas opciones, puedes consultar nuestro apartado \u201c<a href=\"https:\/\/monkey.pe\/politica-de-cookies\/#borrar-cookies\">\u00bfC\u00f3mo administrar las cookies en el navegador?<\/a>\u201c.<\/p>\n\n\n\n<p>En caso de que bloquees las cookies que no son necesarias en tu navegador, puedes seguir navegando por el sitio, pero es posible que algunos servicios no est\u00e9n disponibles, y la experiencia de navegaci\u00f3n puede verse limitada.<\/p>\n\n\n\n<p>Su estado actual: No hay consentimiento dado.&nbsp;Gestiona tu consentimiento.<\/p>\n\n\n\n<p>\u00bfQu\u00e9 son las cookies?<\/p>\n\n\n\n<p>Las cookies son peque\u00f1os ficheros de datos que se almacenan en el dispositivo desde el que te conectas a nuestra web. Permiten que el sitio recuerde informaci\u00f3n sobre tu visita, como puede ser el idioma, que se recuperar\u00e1 posteriormente para mejorar y facilitar la navegaci\u00f3n.<\/p>\n\n\n\n<p>Se asocian \u00fanicamente a tu navegador y no proporcionan por s\u00ed mismas datos personales. Las cookies no pueden da\u00f1ar tu dispositivo y adem\u00e1s son muy \u00fatiles, ya que nos ayudan a identificar y resolver errores.<\/p>\n\n\n\n<p>Esta pol\u00edtica puede ser actualizada a medida que nuestras cookies evolucionan as\u00ed que, te sugerimos la revises cada cierto tiempo, para obtener informaci\u00f3n actualizada de sus cambios.<\/p>\n\n\n\n<p>\u00bfQu\u00e9 NO es una cookie?<\/p>\n\n\n\n<p>Por si te quedan dudas no es un virus, ni un troyano, ni spam, ni spyware, ni un gusano, ni alg\u00fan invento digital que pueda da\u00f1ar tu ordenador.<\/p>\n\n\n\n<p>La informaci\u00f3n que almacenan las cookies en nuestra web<\/p>\n\n\n\n<p>Las cookies no suelen almacenar informaci\u00f3n sensible de los usuarios en un sitio web, como datos financieros, im\u00e1genes o informaci\u00f3n personal, etc. si no m\u00e1s bien guardan:<\/p>\n\n\n\n<ul class=\"wp-block-list\"><li>Datos de car\u00e1cter t\u00e9cnico,<\/li><li>Datos estad\u00edsticos,<\/li><li>Preferencias personales,<\/li><li>Personalizaci\u00f3n de contenidos,<\/li><li>Y dem\u00e1s similares concluidos del comportamiento de los usuarios.<\/li><\/ul>\n\n\n\n<p>La cookie no nos relaciona con la persona que usa el navegador, s\u00f3lo nos relaciona con el navegador web.<\/p>\n\n\n\n<p>Para comprobar esto puedes cambiar de navegador Chrome a Firefox o Mozilla podr\u00e1s comprobar que la web no te reconoce y es como si nunca antes hubieras entrado en ella.<\/p>\n\n\n\n<p>\u00bfCon qu\u00e9 finalidad usamos las cookies?<\/p>\n\n\n\n<p>En este sitio web usamos las cookies para:<\/p>\n\n\n\n<ul class=\"wp-block-list\"><li>Asegurar que la p\u00e1gina web puede funcionar correctamente.<\/li><li>Recopilar informaci\u00f3n estad\u00edstica an\u00f3nima, como qu\u00e9 p\u00e1ginas has visto o cu\u00e1nto tiempo has estado en el sitio web.<\/li><\/ul>\n\n\n\n<p>\u00bfQu\u00e9 tipo de cookies usamos?<\/p>\n\n\n\n<figure class=\"wp-block-table\"><table><thead><tr><td>Cookie<\/td><td>Tipo<\/td><td>Duraci\u00f3n<\/td><td>Descripci\u00f3n<\/td><\/tr><\/thead><tbody><tr><td>_fbp<\/td><td><\/td><td>3 months<\/td><td>This cookie is set by Facebook to deliver advertisement when they are on Facebook or a digital platform powered by Facebook advertising after visiting this website.<\/td><\/tr><tr><td>_ga<\/td><td><\/td><td>2 years<\/td><td>This cookie is installed by Google Analytics. The cookie is used to calculate visitor, session, campaign data and keep track of site usage for the site&#8217;s analytics report. The cookies store information anonymously and assign a randomly generated number to identify unique visitors.<\/td><\/tr><tr><td>_ga_3EH43D8PL1<\/td><td><\/td><td>2 years<\/td><td>This cookie is installed by Google Analytics.<\/td><\/tr><tr><td>_gat<\/td><td><\/td><td>1 minute<\/td><td>This cookies is installed by Google Universal Analytics to throttle the request rate to limit the colllection of data on high traffic sites.<\/td><\/tr><tr><td>_gat_UA-89373593-1<\/td><td><\/td><td>1 minute<\/td><td>This is a pattern type cookie set by Google Analytics, where the pattern element on the name contains the unique identity number of the account or website it relates to. It appears to be a variation of the _gat cookie which is used to limit the amount of data recorded by Google on high traffic volume websites.<\/td><\/tr><tr><td>_gcl_au<\/td><td><\/td><td>3 months<\/td><td>This cookie is used by Google Analytics to understand user interaction with the website.<\/td><\/tr><tr><td>_gid<\/td><td><\/td><td>1 day<\/td><td>This cookie is installed by Google Analytics. The cookie is used to store information of how visitors use a website and helps in creating an analytics report of how the website is doing. The data collected including the number visitors, the source where they have come from, and the pages visted in an anonymous form.<\/td><\/tr><tr><td>cookielawinfo-checkbox-analiticas<\/td><td><\/td><td>1 year<\/td><td>No description available.<\/td><\/tr><tr><td>cookielawinfo-checkbox-funcionales<\/td><td><\/td><td>1 year<\/td><td>No description available.<\/td><\/tr><tr><td>cookielawinfo-checkbox-necesarias<\/td><td><\/td><td>1 year<\/td><td>No description<\/td><\/tr><tr><td>cookielawinfo-checkbox-otras<\/td><td><\/td><td>1 year<\/td><td>No description<\/td><\/tr><tr><td>cookielawinfo-checkbox-publicitarias<\/td><td><\/td><td>1 year<\/td><td>No description available.<\/td><\/tr><tr><td>cookielawinfo-checkbox-rendimiento<\/td><td><\/td><td>1 year<\/td><td>No description available.<\/td><\/tr><tr><td>viewed_cookie_policy<\/td><td><\/td><td>1 year<\/td><td>The cookie is set by the GDPR Cookie Consent plugin and is used to store whether or not user has consented to the use of cookies. It does not store any personal data.<\/td><\/tr><\/tbody><\/table><\/figure>\n\n\n\n<p>Lo que debes de tener en cuenta sobre las cookies<\/p>\n\n\n\n<p>En Internet, los sitios web, no siempre contamos con informaci\u00f3n de las cookies que terceras partes puedan utilizar a trav\u00e9s de nuestro sitio web; como por ejemplo: las cookies de las redes sociales.<\/p>\n\n\n\n<p>Esto quiere decir que, en casos en que nuestra p\u00e1gina web contiene elementos integrados: es decir, textos, documentos, im\u00e1genes o breves pel\u00edculas que se almacenan en otra parte, pero se muestran en nuestro sitio web o a trav\u00e9s del mismo, no tenemos el pleno control.<\/p>\n\n\n\n<p>Cookies de afiliados:<\/p>\n\n\n\n<p>Este sitio web utiliza enlaces de afiliados de algunos productos que recomendamos, pero la compra se regula bajo y \u00fanicamente las normas de las empresas a las cuales pertenecen los links de afiliados.<\/p>\n\n\n\n<p>\u00bfC\u00f3mo desactivar las cookies en tu ordenador?<\/p>\n\n\n\n<p>Si bien es cierto tienes el derecho de elegir desactivar las cookies instaladas en tu ordenador, es importante que sepas que al desactivarlas, algunas funciones de nuestra web se ver\u00e1n de manera alterada.<\/p>\n\n\n\n<ul class=\"wp-block-list\"><li>C\u00f3mo desactivarlas si est\u00e1s en&nbsp;<a href=\"https:\/\/support.google.com\/chrome\/answer\/95647?co=GENIE.Platform%3DDesktop&amp;hl=es-419\" target=\"_blank\" rel=\"noreferrer noopener\">Google Chrome<\/a>.<\/li><li>Si est\u00e1s en&nbsp;<a href=\"https:\/\/support.mozilla.org\/es\/kb\/habilitar-y-deshabilitar-cookies-sitios-web-rastrear-preferencias?redirectlocale=es&amp;redirectslug=habilitar-y-deshabilitar-cookies-que-los-sitios-we\" target=\"_blank\" rel=\"noreferrer noopener\">Firefox<\/a>.<\/li><li>Si te encuentras en&nbsp;<a href=\"https:\/\/www.apple.com\/legal\/privacy\/es\/cookies\/\" target=\"_blank\" rel=\"noreferrer noopener\">Safari<\/a>.<\/li><li>Por \u00faltimo si est\u00e1s en&nbsp;<a href=\"http:\/\/windows.microsoft.com\/es-es\/windows7\/how-to-manage-cookies-in-internet-explorer-9\" target=\"_blank\" rel=\"noreferrer noopener\">Internet Explorer<\/a>.<\/li><\/ul>\n\n\n\n<p>El creador de esta web no es responsable legal ni del contenido, ni de la veracidad de las pol\u00edticas de privacidad que puedan tener los terceros mencionados en la tabla de cookies detallada en esta pol\u00edtica de cookies.<\/p>\n\n\n\n<p>Otro aspecto importante que debes entender es que los navegadores web son las herramientas encargadas de almacenar las cookies y desde este lugar debe efectuar su derecho a eliminaci\u00f3n o desactivaci\u00f3n de las mismas. Ni esta web ni nosotros podemos garantizar la incorrecta o correcta manipulaci\u00f3n de las cookies por parte de los mencionados navegadores.<\/p>\n\n\n\n<p>En algunos casos es necesario instalar cookies para que el navegador no olvide su decisi\u00f3n de no aceptaci\u00f3n de las mismas.<\/p>\n\n\n\n<p>En el caso de las cookies de Google Analytics, esta empresa almacena las cookies en servidores ubicados en Estados Unidos y se compromete a no compartirlas con terceros, excepto en los casos en los que sea necesario para el funcionamiento del sistema o cuando la ley obligue a tal efecto. Seg\u00fan Google no guarda su direcci\u00f3n IP. Google Inc. es una compa\u00f1\u00eda adherida al Acuerdo de Puerto Seguro que garantiza que todos los datos transferidos ser\u00e1n tratados con un nivel de protecci\u00f3n acorde a la normativa europea.<\/p>\n\n\n\n<p>Si desea informaci\u00f3n sobre el uso que Google da a las cookies le adjuntamos&nbsp;<a href=\"https:\/\/support.google.com\/chrome\/answer\/95647?co=GENIE.Platform%3DDesktop&amp;hl=es-419\" target=\"_blank\" rel=\"noreferrer noopener\">este enlace.<\/a> (https:\/\/support.google.com\/chrome\/answer\/95647?co=GENIE.Platform%3DDesktop&amp;hl=es-419)<\/p>\n\n\n\n<p>Debes recordar que siempre puedes permitir, bloquear o eliminar las cookies instaladas en tu equipo mediante la configuraci\u00f3n de las opciones del navegador instalado en tu ordenador.<\/p>\n\n\n\n<p>M\u00e1s detalles sobre las cookies:<\/p>\n\n\n\n<p>Si tienes alguna pregunta sobre nuestra pol\u00edtica de cookies, la informaci\u00f3n que te hemos recopilado en l\u00ednea, las pr\u00e1cticas de nuestro sitio o sus relaciones con este sitio web, cont\u00e1ctanos en: Correo electr\u00f3nico: informes@cyemedica.com<\/p>\n\n\n\n<p>Adem\u00e1s, tambi\u00e9n puedes consultar el reglamento sobre cookies publicado por la Agencia Espa\u00f1ola de Protecci\u00f3n de Datos en su \u201c<a href=\"https:\/\/www.aepd.es\/media\/guias\/guia-cookies.pdf\" target=\"_blank\" rel=\"noreferrer noopener\">Gu\u00eda sobre el uso de las cookies<\/a>\u201d &nbsp;(<a href=\"https:\/\/www.aepd.es\/media\/guias\/guia-cookies.pdf\">https:\/\/www.aepd.es\/media\/guias\/guia-cookies.pdf<\/a>) y obtener m\u00e1s informaci\u00f3n sobre las cookies en Internet,&nbsp;<a href=\"https:\/\/www.aboutcookies.org\/\" target=\"_blank\" rel=\"noreferrer noopener\">https:\/\/www.aboutcookies.org\/<\/a><\/p>\n\n\n\n<p>Si lo que quieres es tener m\u00e1s control sobre la instalaci\u00f3n de cookies, puede usar programas, extensiones o complementos a su navegador, conocidos como herramientas de \u201cDo Not Track\u201d, que le permitir\u00e1n escoger aquellas cookies que desea permitir.<\/p>\n","protected":false},"excerpt":{"rendered":"<p>Pol\u00edtica de Cookies En esta web se respetan tus derechos, por eso te informamos que usamos cookies propias y de [&hellip;]<\/p>\n","protected":false},"author":2,"featured_media":0,"parent":0,"menu_order":0,"comment_status":"closed","ping_status":"closed","template":"","meta":{"_monsterinsights_skip_tracking":false,"_monsterinsights_sitenote_active":false,"_monsterinsights_sitenote_note":"","_monsterinsights_sitenote_category":0,"_uf_show_specific_survey":0,"_uf_disable_surveys":false,"footnotes":""},"class_list":["post-188","page","type-page","status-publish","hentry"],"_links":{"self":[{"href":"https:\/\/cyemedica.com\/web\/wp-json\/wp\/v2\/pages\/188","targetHints":{"allow":["GET"]}}],"collection":[{"href":"https:\/\/cyemedica.com\/web\/wp-json\/wp\/v2\/pages"}],"about":[{"href":"https:\/\/cyemedica.com\/web\/wp-json\/wp\/v2\/types\/page"}],"author":[{"embeddable":true,"href":"https:\/\/cyemedica.com\/web\/wp-json\/wp\/v2\/users\/2"}],"replies":[{"embeddable":true,"href":"https:\/\/cyemedica.com\/web\/wp-json\/wp\/v2\/comments?post=188"}],"version-history":[{"count":3,"href":"https:\/\/cyemedica.com\/web\/wp-json\/wp\/v2\/pages\/188\/revisions"}],"predecessor-version":[{"id":321,"href":"https:\/\/cyemedica.com\/web\/wp-json\/wp\/v2\/pages\/188\/revisions\/321"}],"wp:attachment":[{"href":"https:\/\/cyemedica.com\/web\/wp-json\/wp\/v2\/media?parent=188"}],"curies":[{"name":"wp","href":"https:\/\/api.w.org\/{rel}","templated":true}]}}