{"id":182,"date":"2021-11-09T19:13:26","date_gmt":"2021-11-10T00:13:26","guid":{"rendered":"https:\/\/cyemedica.com\/web\/?page_id=182"},"modified":"2024-11-04T15:09:53","modified_gmt":"2024-11-04T20:09:53","slug":"politica-de-privacidad","status":"publish","type":"page","link":"https:\/\/cyemedica.com\/web\/politica-de-privacidad\/","title":{"rendered":"Pol\u00edtica de Privacidad"},"content":{"rendered":"\n<p><strong><u>POL\u00cdTICA DE PRIVACIDAD DE CONSULTORA Y EQUIPADORA M\u00c9DICA S.A<\/u><\/strong><\/p>\n\n\n\n<p><strong>1. Introducci\u00f3n<\/strong><\/p>\n\n\n\n<p>En <strong>CONSULTORA Y EQUIPADORA M\u00c9DICA S.A<\/strong>, identificada con R.U.C. N\u00b0 20111876097, estamos comprometidos con mantener la privacidad y la protecci\u00f3n de informaci\u00f3n de nuestros prospectos de clientes, clientes, visitas, proveedores, usuarios web y trabajadores de conformidad con lo establecido en la Ley N\u00b0 29733, Ley de Protecci\u00f3n de datos personales, su Reglamento y normas complementarias, adoptando para ello las medidas t\u00e9cnicas y organizativas necesarias para evitar la p\u00e9rdida, mal uso, alteraci\u00f3n, acceso no autorizado y robo de los datos personales facilitados por sus titulares. Asimismo, <strong>CONSULTORA Y EQUIPADORA M\u00c9DICA S.A<\/strong> garantiza la mejora continua de estas medidas.<\/p>\n\n\n\n<p>En tal contexto, declaramos los siguientes lineamientos que debemos informar a nuestros prospectos de clientes, clientes, visitas, proveedores, usuarios web y trabajadores, de forma clara e inequ\u00edvoca, cuando se recaben sus datos personales a trav\u00e9s de cualquiera de nuestros canales:<\/p>\n\n\n\n<ul class=\"wp-block-list\">\n<li>La existencia del tratamiento de datos de car\u00e1cter personal, la finalidad de la recolecci\u00f3n y destinatarios de la informaci\u00f3n.<\/li>\n<\/ul>\n\n\n\n<ul class=\"wp-block-list\">\n<li>Car\u00e1cter obligatorio o facultativo de la respuesta a las preguntas que en su caso les sean planteadas, as\u00ed como de las consecuencias de la obtenci\u00f3n de los datos personales o la negativa a suministrar los mismos.<\/li>\n<\/ul>\n\n\n\n<ul class=\"wp-block-list\">\n<li>Posibilidad de ejercer sus derechos de acceso, rectificaci\u00f3n, cancelaci\u00f3n y oposici\u00f3n.<br><br><\/li>\n\n\n\n<li>Identidad y direcci\u00f3n del responsable del tratamiento de los datos personales.<\/li>\n<\/ul>\n\n\n\n<p><strong>2. Identificaci\u00f3n y domicilio del titular de los Bancos de Datos<\/strong><\/p>\n\n\n\n<p><strong>CONSULTORA Y EQUIPADORA M\u00c9DICA S.A<\/strong>, identificada con R.U.C. N\u00b0 20111876097 y con domicilio en Calle Tinajones Nro. 181 INT. 1101. Urb. Tambo de Monterrico&nbsp; (alt. cdra 1 av. Caminos del inca) Lima &#8211; Lima &#8211; Santiago de Surco. Asimismo, es una empresa privada dedicada a la venta al por menor no realizada en comercios, puestos de venta o mercados de ordenadores y equipos perif\u00e9ricos relacionada a la salud humana.<\/p>\n\n\n\n<p><strong>3. Definiciones<\/strong><\/p>\n\n\n\n<ul class=\"wp-block-list\">\n<li>Datos Personales: Toda informaci\u00f3n sobre una persona natural que la identifica o la hace identificable a trav\u00e9s de medios que pueden ser razonablemente utilizados. Por ejemplo, nombres, documentos de identidad, n\u00fameros telef\u00f3nicos, entre otros, que identifican o pueden identificar a un individuo.<\/li>\n<\/ul>\n\n\n\n<ul class=\"wp-block-list\">\n<li>Tratamiento de datos personales: Cualquier operaci\u00f3n o procedimiento t\u00e9cnico, automatizado o no, que permite la recopilaci\u00f3n, registro, organizaci\u00f3n, almacenamiento, conservaci\u00f3n, elaboraci\u00f3n, modificaci\u00f3n, extracci\u00f3n, consulta, utilizaci\u00f3n, bloqueo, supresi\u00f3n, comunicaci\u00f3n por transferencia o por difusi\u00f3n o cualquier otra forma de procesamiento que facilite el acceso, correlaci\u00f3n o interconexi\u00f3n de los datos personales.<\/li>\n<\/ul>\n\n\n\n<p><strong>4. Finalidades<\/strong><\/p>\n\n\n\n<p>Los datos personales de los cuales se realiza el tratamiento tienen las siguientes finalidades:<\/p>\n\n\n\n<ul class=\"wp-block-list\">\n<li>Respecto del Banco de Datos denominado \u201cClientes\u201d:<\/li>\n<\/ul>\n\n\n\n<p><br>Contar con un registro de informaci\u00f3n de todos los clientes. Esta base de datos es utilizada para el env\u00edo de beneficios comerciales, ofertas, promociones y\/o publicidad, as\u00ed como para definir estrategias comerciales, definir tendencias, comportamientos de consumos y elaborar los planes tarifarios, definir ofertas y promociones atractivas a los clientes.<\/p>\n\n\n\n<ul class=\"wp-block-list\">\n<li>Respecto del Banco de Datos denominado \u201cProveedores\u201d:<\/li>\n<\/ul>\n\n\n\n<p>Mantener un control de la informaci\u00f3n de nuestros proveedores, creamos files de informaci\u00f3n de cada uno. Estos files se actualizan peri\u00f3dicamente y forman parte de nuestra evaluaci\u00f3n al momento de decidir la compra de bienes o adquisici\u00f3n de servicios.<br><br><\/p>\n\n\n\n<ul class=\"wp-block-list\">\n<li>Respecto del Banco de Datos denominado \u201cTrabajadores\u201d:<\/li>\n<\/ul>\n\n\n\n<p><br>Tener una base de datos actualizada del personal de la empresa.<\/p>\n\n\n\n<ul class=\"wp-block-list\">\n<li>Respecto del Banco de Datos denominado \u201cVideovigilancia \u2013 Instalaciones Internas\u201d:<br><br>Contar con el registro de im\u00e1genes para el control de medidas de seguridad de las instalaciones internas de <strong>CONSULTORA Y EQUIPADORA M\u00c9DICA S.A<\/strong><br><br><\/li>\n\n\n\n<li>Respecto del Banco de datos de usuarios web<\/li>\n<\/ul>\n\n\n\n<p>Brindar informaci\u00f3n de los productos de la empresa; atender requerimientos; recibir sugerencias; as\u00ed como, con fines estad\u00edsticos. Adem\u00e1s de realizar las actividades de prospecci\u00f3n de la empresa y cualquier comunicaci\u00f3n a trav\u00e9s de la secci\u00f3n \u201ccont\u00e1ctenos\u201d.<\/p>\n\n\n\n<p><strong>5. Datos personales obligatorios<\/strong><\/p>\n\n\n\n<p>Para llevar a cabo las finalidades descritas en la presente pol\u00edtica de privacidad, es obligatorio que nos proporcione, cuanto menos, los siguientes datos personales: nombre y apellidos, n\u00famero y tipo del documento de identidad, imagen (en los casos que corresponda, domicilio (en los casos que corresponda), direcci\u00f3n de correo electr\u00f3nico (en los casos que corresponda), y n\u00famero telef\u00f3nico (en los casos que corresponda).<\/p>\n\n\n\n<p><strong>6. Consecuencias de proporcionar datos personales y de la negativa a hacerlo<\/strong><\/p>\n\n\n\n<p>Desafortunadamente, en caso no nos permita acceder, cuanto menos, a los datos descritos en el ac\u00e1pite anterior, ser\u00e1 imposible poder generar una relaci\u00f3n comercial con usted, por lo que nos veremos impedidos de cumplir con los ofrecimientos&nbsp; a trav\u00e9s de nuestra web.<\/p>\n\n\n\n<p><strong>7. Transferencia de datos personales a terceros<\/strong><\/p>\n\n\n\n<p><strong>CONSULTORA Y EQUIPADORA M\u00c9DICA S.A<\/strong> podr\u00e1 transferir nacional e internacionalmente sus datos personales, con los siguientes tipos de empresas, y para las finalidades que a continuaci\u00f3n detallamos:<\/p>\n\n\n\n<ul class=\"wp-block-list\">\n<li>Socios Comerciales<\/li>\n<\/ul>\n\n\n\n<p><br>Finalidad: Definir estrategias comerciales, definir tendencias, comportamientos de consumos, definir ofertas y promociones atractivas a los clientes.<\/p>\n\n\n\n<ul class=\"wp-block-list\">\n<li>Encargados de tratamiento<\/li>\n<\/ul>\n\n\n\n<p><br>Finalidad: Servicios de apoyo como: procesamiento de datos, comercializaci\u00f3n de nuestros productos y\/o servicios, proveedores de hosting, gestiones de cobranza, entre otros.<\/p>\n\n\n\n<p>Usted puede conocer dichas empresas <a href=\"https:\/\/cyemedica.com\/web\/flujo-fronterizo\/\" target=\"_blank\" data-type=\"link\" data-id=\"https:\/\/cyemedica.com\/web\/flujo-fronterizo\/\" rel=\"noreferrer noopener\">[AQU\u00cd]<\/a>. Esta lista podr\u00eda ser actualizada.<\/p>\n\n\n\n<p>Cabe indicar que estas empresas no se encuentran autorizadas para usar los datos personales que compartimos con ellas para ning\u00fan otro fin m\u00e1s que el indicado en los t\u00e9rminos de esta Pol\u00edtica de Privacidad. Cuando <strong>CONSULTORA Y EQUIPADORA M\u00c9DICA S.A <\/strong>proceda de esta manera, adoptar\u00e1 las precauciones que seg\u00fan la legalidad vigente sean necesarias para proteger la confidencialidad y seguridad de sus datos personales.<\/p>\n\n\n\n<ul class=\"wp-block-list\">\n<li>Entidades financieras y bancarias<\/li>\n<\/ul>\n\n\n\n<p><br>Finalidad: Procesamiento de los pagos por la prestaci\u00f3n de nuestros servicios y\/o la comercializaci\u00f3n de nuestros productos.<\/p>\n\n\n\n<ul class=\"wp-block-list\">\n<li>Administraci\u00f3n P\u00fablica<\/li>\n<\/ul>\n\n\n\n<p>Finalidad: Cumplimiento de lo establecido en la normativa vigente.<\/p>\n\n\n\n<p>Cuando sea adecuado, antes de revelar datos personales a un tercero, <strong>CONSULTORA Y EQUIPADORA M\u00c9DICA S.A <\/strong>le exigir\u00e1 contractualmente a \u00e9ste que adopte las precauciones necesarias para proteger los datos contra su uso o revelaci\u00f3n no autorizados.<\/p>\n\n\n\n<p>Si usted no desea que <strong>CONSULTORA Y EQUIPADORA M\u00c9DICA S.A<\/strong> comparta sus datos personales con sus socios comerciales, por favor enviar un correo a <a href=\"mailto:protecciondatos@cyemedica.com\">protecciondatos@cyemedica.com<\/a><\/p>\n\n\n\n<p><strong>8. Identificaci\u00f3n de los Bancos de Datos Personales<\/strong><\/p>\n\n\n\n<p>Los datos personales que usted nos proporcione, ser\u00e1n almacenados en los siguientes Bancos de Datos:<\/p>\n\n\n\n<ul class=\"wp-block-list\">\n<li>Banco de Datos de Prospectos de Clientes (C\u00f3digo de Registro N\u00b0 INS-2024-227)<\/li>\n\n\n\n<li>Bancos de Datos Personales de Clientes (C\u00f3digo de Registro N\u00b0 INS 2024-229)<\/li>\n\n\n\n<li>Bancos de Datos Personales de Videovigilancia (C\u00f3digo de Registro N\u00b0 INS-2024-237)<br><br><\/li>\n\n\n\n<li>Bancos de Datos Personales de Proveedores (C\u00f3digo de Registro N\u00b0 INS-2024-230)<br><br><\/li>\n\n\n\n<li>Bancos de Datos Personales de Trabajadores (C\u00f3digo de Registro N\u00b0 INS-2024-235)<br><br><\/li>\n\n\n\n<li>Banco de Datos Personales de Seguridad y Salud en el Trabajo (C\u00f3digo de Registro N\u00b0 INS-2024-238)<\/li>\n<\/ul>\n\n\n\n<ul class=\"wp-block-list\">\n<li>Banco de Datos de Postulantes (C\u00f3digo de Registro N\u00b0 INS-2024-236)<br><br><\/li>\n\n\n\n<li>Banco de Datos Personales de Usuarios Web&nbsp; (C\u00f3digo de Registro N\u00b0 INS-2024-228)<\/li>\n<\/ul>\n\n\n\n<p><strong>9. Tiempo de conservaci\u00f3n de los datos personales<\/strong><\/p>\n\n\n\n<p>La informaci\u00f3n de los clientes ser\u00e1 almacenada hasta por 10 (diez) a\u00f1os posteriores al cumplimiento de las finalidades descritas en esta Pol\u00edtica.<\/p>\n\n\n\n<p>Las im\u00e1genes almacenadas de las videoc\u00e1maras se almacenar\u00e1n por un plazo de 30 d\u00edas y hasta un plazo m\u00e1ximo de 60 d\u00edas, conforme lo se\u00f1ala Directiva Videovigilancia, Directiva <strong>N\u00ba 02-2020-JUS-DGTAIPD.<\/strong><\/p>\n\n\n\n<p>Los datos personales de los trabajadores ser\u00e1n almacenados por cinco (5) a\u00f1os despu\u00e9s de extinta la relaci\u00f3n laboral, conforme lo dispone el art\u00edculo 3 del Decreto Legislativo No. 1310, Decreto Legislativo que aprueba medidas adicionales de simplificaci\u00f3n administrativa; o hasta que venza el plazo de prescripci\u00f3n para que el trabajador reclame sus beneficios laborales, aportes de AFP o sanciones disciplinarias impuestas.<\/p>\n\n\n\n<p>Los datos personales de los proveedores ser\u00e1n almacenados mientras dure la relaci\u00f3n contractual.<\/p>\n\n\n\n<p><strong>10. Seguridad y confidencialidad<\/strong><\/p>\n\n\n\n<p><strong>CONSULTORA Y EQUIPADORA M\u00c9DICA S.A <\/strong>cuenta con todas las medidas t\u00e9cnicas, legales y organizacionales necesarias para garantizar la seguridad y confidencialidad de sus datos personales. Sus datos personales ser\u00e1n tratados considerando los principios de legalidad, consentimiento, proporcionalidad, calidad, seguridad y los dem\u00e1s presentes en la normativa vigente referente a Protecci\u00f3n de Datos Personales, evitando que estos sean filtrados, difundidos o cualquier acci\u00f3n que ponga en peligro su informaci\u00f3n personal.<\/p>\n\n\n\n<p><strong>11. Ejercicio de sus derechos<\/strong><\/p>\n\n\n\n<p><strong>CONSULTORA Y EQUIPADORA M\u00c9DICA S.A,<\/strong> preocupado porque se brinde el mejor tratamiento de sus datos personales, le informa que usted tiene el derecho de ejercer sus derechos de acceso, rectificaci\u00f3n, cancelaci\u00f3n y oposici\u00f3n en cualquiera de nuestros centros de atenci\u00f3n de <strong>CONSULTORA Y EQUIPADORA M\u00c9DICA S.A<\/strong>. o al correo electr\u00f3nico: <a href=\"mailto:protecciondatos@cyemedica.com\">protecciondatos@cyemedica.com<\/a><\/p>\n\n\n\n<p>&nbsp;&nbsp;&nbsp;&nbsp; Tambi\u00e9n puedes hacer clic en el siguiente enlace \u25ba <strong><a href=\"https:\/\/cyemedica.com\/web\/guia-de-derechos-arco\/\" target=\"_blank\" data-type=\"link\" data-id=\"https:\/\/cyemedica.com\/web\/guia-de-derechos-arco\/\" rel=\"noreferrer noopener\">Gu\u00eda de Derechos Arco<\/a><\/strong><\/p>\n\n\n\n<p><strong>12. Cambios en la Pol\u00edtica de Privacidad<\/strong><\/p>\n\n\n\n<p><strong>CONSULTORA Y EQUIPADORA M\u00c9DICA S.A, <\/strong>se reserva el derecho de modificar y\/o actualizar la presente Pol\u00edtica de Privacidad como parte de su mejora continua, ya sea para adaptarla a futuros cambios normativos, brindar una mejor calidad de servicio o comunicar nuevas alternativas relacionadas a la presente Pol\u00edtica.<\/p>\n\n\n\n<p>Usted ser\u00e1 notificado con los cambios que se introduzcan a esta Pol\u00edtica de Privacidad publicando en este Sitio la versi\u00f3n actualizada o modificada de la misma. Cuando usted utilice el sitio web de <strong>CONSULTORA Y EQUIPADORA M\u00c9DICA S.A,<\/strong> u otros medios donde tome conocimiento de la presente Pol\u00edtica de Privacidad despu\u00e9s de tales cambios, estar\u00e1 consintiendo que los datos personales que se obtengan de usted o acerca de usted despu\u00e9s de publicada la revisi\u00f3n de la Pol\u00edtica de Privacidad, est\u00e9n sujetos a la Pol\u00edtica de Privacidad revisada.<\/p>\n\n\n\n<p>Usted puede acceder a esta Pol\u00edtica de Privacidad en cualquier momento haciendo clic en el bot\u00f3n marcado como \u201cPol\u00edtica de Privacidad\u201d, situado en el extremo inferior de la p\u00e1gina web de <strong>CONSULTORA Y EQUIPADORA M\u00c9DICA S.A.<\/strong><\/p>\n\n\n\n<p><\/p>\n\n\n\n<hr class=\"wp-block-separator has-alpha-channel-opacity\"\/>\n\n\n\n<p><a id=\"_msocom_1\"><\/a><\/p>\n","protected":false},"excerpt":{"rendered":"<p>POL\u00cdTICA DE PRIVACIDAD DE CONSULTORA Y EQUIPADORA M\u00c9DICA S.A 1. Introducci\u00f3n En CONSULTORA Y EQUIPADORA M\u00c9DICA S.A, identificada con R.U.C. [&hellip;]<\/p>\n","protected":false},"author":2,"featured_media":0,"parent":0,"menu_order":0,"comment_status":"closed","ping_status":"closed","template":"","meta":{"_monsterinsights_skip_tracking":false,"_monsterinsights_sitenote_active":false,"_monsterinsights_sitenote_note":"","_monsterinsights_sitenote_category":0,"_uf_show_specific_survey":0,"_uf_disable_surveys":false,"footnotes":""},"class_list":["post-182","page","type-page","status-publish","hentry"],"_links":{"self":[{"href":"https:\/\/cyemedica.com\/web\/wp-json\/wp\/v2\/pages\/182","targetHints":{"allow":["GET"]}}],"collection":[{"href":"https:\/\/cyemedica.com\/web\/wp-json\/wp\/v2\/pages"}],"about":[{"href":"https:\/\/cyemedica.com\/web\/wp-json\/wp\/v2\/types\/page"}],"author":[{"embeddable":true,"href":"https:\/\/cyemedica.com\/web\/wp-json\/wp\/v2\/users\/2"}],"replies":[{"embeddable":true,"href":"https:\/\/cyemedica.com\/web\/wp-json\/wp\/v2\/comments?post=182"}],"version-history":[{"count":7,"href":"https:\/\/cyemedica.com\/web\/wp-json\/wp\/v2\/pages\/182\/revisions"}],"predecessor-version":[{"id":2241,"href":"https:\/\/cyemedica.com\/web\/wp-json\/wp\/v2\/pages\/182\/revisions\/2241"}],"wp:attachment":[{"href":"https:\/\/cyemedica.com\/web\/wp-json\/wp\/v2\/media?parent=182"}],"curies":[{"name":"wp","href":"https:\/\/api.w.org\/{rel}","templated":true}]}}