{"id":114,"date":"2021-10-18T12:55:22","date_gmt":"2021-10-18T17:55:22","guid":{"rendered":"https:\/\/domain.site\/monkey\/cyemedica\/?page_id=114"},"modified":"2026-03-02T14:23:58","modified_gmt":"2026-03-02T19:23:58","slug":"inicio","status":"publish","type":"page","link":"https:\/\/cyemedica.com\/web\/","title":{"rendered":"Inicio"},"content":{"rendered":"\n<h2 class=\"wp-block-heading has-text-align-center\">Algunos datos importantes<\/h2>\n\n\n\n<p class=\"has-text-align-center\">Conoce m\u00e1s sobre nuestra empresa<\/p>\n\n\n\n<div style=\"height:47px\" aria-hidden=\"true\" class=\"wp-block-spacer\"><\/div>\n\n\n\n<div class=\"wp-block-columns is-layout-flex wp-container-core-columns-is-layout-9d6595d7 wp-block-columns-is-layout-flex\">\n<div class=\"wp-block-column is-layout-flow wp-block-column-is-layout-flow\">\n<h1 class=\"wp-block-heading has-text-align-center\"><span style=\"background-color:rgba(0, 0, 0, 0)\" class=\"has-inline-color has-vivid-cyan-blue-color\">+25<\/span><\/h1>\n\n\n\n<p class=\"has-text-align-center\">Ciudades en donde estamos presentes<\/p>\n<\/div>\n\n\n\n<div class=\"wp-block-column is-layout-flow wp-block-column-is-layout-flow\">\n<h1 class=\"wp-block-heading has-text-align-center\"><span style=\"background-color:rgba(0, 0, 0, 0)\" class=\"has-inline-color has-vivid-cyan-blue-color\">+300<\/span><\/h1>\n\n\n\n<p class=\"has-text-align-center\">Clientes que conf\u00edan en nosotros<\/p>\n<\/div>\n\n\n\n<div class=\"wp-block-column is-layout-flow wp-block-column-is-layout-flow\">\n<h1 class=\"wp-block-heading has-text-align-center\"><span style=\"background-color:rgba(0, 0, 0, 0)\" class=\"has-inline-color has-vivid-cyan-blue-color\">+1000<\/span><\/h1>\n\n\n\n<p class=\"has-text-align-center\">Equipos instalados a nivel nacional<\/p>\n<\/div>\n<\/div>\n\n\n\n<div class=\"wp-block-columns is-layout-flex wp-container-core-columns-is-layout-9d6595d7 wp-block-columns-is-layout-flex\">\n<div class=\"wp-block-column is-layout-flow wp-block-column-is-layout-flow\">\n<h1 class=\"wp-block-heading has-text-align-center\"> <span class=\"has-inline-color has-vivid-cyan-blue-color\">+70<\/span><\/h1>\n\n\n\n<p class=\"has-text-align-center\">Colaboradores en la empresa<\/p>\n<\/div>\n\n\n\n<div class=\"wp-block-column is-layout-flow wp-block-column-is-layout-flow\">\n<h1 class=\"wp-block-heading has-text-align-center\"><span style=\"background-color:rgba(0, 0, 0, 0)\" class=\"has-inline-color has-vivid-cyan-blue-color\">+35<\/span><\/h1>\n\n\n\n<p class=\"has-text-align-center\">A\u00f1os de experiencia en el mercado<\/p>\n<\/div>\n\n\n\n<div class=\"wp-block-column is-layout-flow wp-block-column-is-layout-flow\">\n<h1 class=\"wp-block-heading has-text-align-center\"><span style=\"background-color:rgba(0, 0, 0, 0)\" class=\"has-inline-color has-vivid-cyan-blue-color\">#1<\/span><\/h1>\n\n\n\n<p class=\"has-text-align-center\">Respaldada con la tecnolog\u00eda m\u00e1s avanzada del mercado.<\/p>\n<\/div>\n<\/div>\n\n\n\n<div style=\"height:53px\" aria-hidden=\"true\" class=\"wp-block-spacer\"><\/div>\n\n\n\n<div class=\"row mb-5 align-items-center text-center text-md-start\">\n\t<div class=\"col-xl-6 mb-5 mb-xl-0\">\n\t\t<figure>\n\t\t\t<img decoding=\"async\" class=\"img-fluid\" src=\"https:\/\/cyemedica.com\/web\/wp-content\/uploads\/hermanos.jpg\" alt=\"\">\n\t\t<\/figure>\n\t<\/div>\n\t<div class=\"col-xl-6\">\n\t\t<header class=\"title-section text-start separator-top mb-4\">\n\t\t\t<h2>Sobre Nosotros<\/h2>\n\t\t<\/header>\n\n\t\t<p>Consultora y Equipadora M\u00e9dica, es una empresa que fue fundada el 18 de septiembre de 1990 con el <strong>objetivo de contribuir, a trav\u00e9s de la tecnolog\u00eda<\/strong>, con las empresas y profesionales que se dedican al cuidado y <strong>mejora de la salud de las personas.<\/strong><\/p>\n\n\t\t<p>Como su propio nombre lo indica, Consultora y Equipadora M\u00e9dica conceptualiz\u00f3 el desarrollo de sus actividades en entender primero las necesidades de sus clientes y asesorarlos para llevar a cabo sus proyectos de equipamiento, es decir, la consultor\u00eda como paso previo y muy importante para luego pasar al equipamiento m\u00e9dico.<\/p>\n\n\t\t<p>Consultora y Equipadora M\u00e9dica es una empresa con m\u00e1s de <strong>31 a\u00f1os de experiencia<\/strong>, enfocada en traer a nuestro pa\u00eds equipamiento y soluciones de tecnolog\u00eda para contribuir al desarrollo de tres importantes campos en la atenci\u00f3n de la salud: <strong>El Diagn\u00f3stico, El Tratamiento y La Administraci\u00f3n de la Informaci\u00f3n.<\/strong><\/p>\n\n\t\t<header class=\"title-section text-start separator-top mb-4 mt-5\">\n\t\t\t<h3>Visi\u00f3n<\/h3>\n\t\t<\/header>\n\t\t<p>Ser una empresa perdurable en el tiempo, referente a nivel mundial en la especialidad de soluciones basadas en tecnolog\u00edas para el campo del cuidado de la salud, as\u00ed como el proveedor preferido en su mercado objetivo.<\/p>\n\t<\/div>\n<\/div>\n<div class=\"row mb-5\">\n\t<div class=\"col-12\">\n\t\t<header class=\"title-section text-start separator-top\">\n\t\t\t<h2>Nuestros Pilares<\/h2>\n\t\t<\/header>\n\t<\/div>\n<\/div>\n<div class=\"row mb-lg-5 mb-3 text-center text-md-start\">\n\t<div class=\"col-lg-4 mb-3 mb-lg-0\">\n\t\t<div class=\"row\">\n\t\t\t<div class=\"col-xl-auto col-lg-12 col-md-auto col-12\">\n\t\t\t\t<figure>\n\t\t\t\t\t<img loading=\"lazy\" decoding=\"async\" width=\"80\" height=\"80\" class=\"img-fluid\" src=\"https:\/\/cyemedica.com\/web\/wp-content\/uploads\/integridad.svg\" alt=\"\">\n\t\t\t\t<\/figure>\n\t\t\t<\/div>\n\t\t\t<div class=\"col-xl col-lg-12 col-md col-12\">\n\t\t\t\t<h3>Integridad<\/h3>\n\t\t\t\t<p>Con el objetivo de brindar un servicio completo y transparente a los clientes y trabajadores, nos regimos a todas las normas legales, para ser el mejor ejemplo para el estado, familiares, clientes y trabajadores.<\/p>\n\t\t\t<\/div>\n\t\t<\/div>\n\t<\/div>\n\t<div class=\"col-lg-4 mb-3 mb-lg-0\">\n\t\t<div class=\"row\">\n\t\t\t<div class=\"col-xl-auto col-lg-12 col-md-auto col-12\">\n\t\t\t\t<figure>\n\t\t\t\t\t<img loading=\"lazy\" decoding=\"async\" width=\"80\" height=\"80\" class=\"img-fluid\" src=\"https:\/\/cyemedica.com\/web\/wp-content\/uploads\/salud.svg\" alt=\"\">\n\t\t\t\t<\/figure>\n\t\t\t<\/div>\n\t\t\t<div class=\"col-xl col-lg-12 col-md col-12\">\n\t\t\t\t<h3>Salud<\/h3>\n\t\t\t\t<p>En Consultora y Equipadora M\u00e9dica te ayudamos por medio del servicio que realiza cada integrante de C&amp;E M\u00e9dica, logramos que cada a\u00f1o m\u00e1s cl\u00ednicas, hospitales y m\u00e9dicos independientes puedan obtener equipos que los ayuden a obtener resultados m\u00e1s precisos con los pacientes, logrando prevenir y salvar vidas.<\/p>\n\t\t\t<\/div>\n\t\t<\/div>\n\t<\/div>\n\t<div class=\"col-lg-4 mb-3 mb-lg-0\">\n\t\t<div class=\"row\">\n\t\t\t<div class=\"col-xl-auto col-lg-12 col-md-auto col-12\">\n\t\t\t\t<figure>\n\t\t\t\t\t<img loading=\"lazy\" decoding=\"async\" width=\"80\" height=\"80\" class=\"img-fluid\" src=\"https:\/\/cyemedica.com\/web\/wp-content\/uploads\/familia.svg\" alt=\"\">\n\t\t\t\t<\/figure>\n\t\t\t<\/div>\n\t\t\t<div class=\"col-xl col-lg-12 col-md col-12\">\n\t\t\t\t<h3>Familia<\/h3>\n\t\t\t\t<p>Empresa familiar, los due\u00f1os de la empresa son hermanos Guerrero y entre los trabajadores tambi\u00e9n hay familiares Guerrero. Es una familia que trasmite mucha tranquilidad, simpat\u00eda y respeto, siendo estos puntos importantes para realizar trabajos en equipo y exitosos.<\/p>\n\t\t\t<\/div>\n\t\t<\/div>\n\t<\/div>\n<\/div>\n\n\n\n<div style=\"height:51px\" aria-hidden=\"true\" class=\"wp-block-spacer\"><\/div>\n\n\n\n<h2 class=\"wp-block-heading has-text-align-center\">Vis\u00edtanos en:<\/h2>\n\n\n\n<p class=\"has-text-align-center\">Jr. Tinajones 181, Santiago de Surco.<\/p>\n\n\n\n<div style=\"height:47px\" aria-hidden=\"true\" class=\"wp-block-spacer\"><\/div>\n\n\n\n<iframe src=\"https:\/\/www.google.com\/maps\/embed?pb=!1m18!1m12!1m3!1d3900.984656767478!2d-76.9934598!3d-12.1132022!2m3!1f0!2f0!3f0!3m2!1i1024!2i768!4f13.1!3m3!1m2!1s0x9105c7eea1d60a79%3A0xdd20d945e26bd9f8!2sCYE%20MEDICA%20S.A.!5e0!3m2!1ses-419!2spe!4v1705944114259!5m2!1ses-419!2spe\" width=\"1280\" height=\"450\" style=\"border:0;\" allowfullscreen=\"\" loading=\"lazy\" referrerpolicy=\"no-referrer-when-downgrade\"><\/iframe>\n","protected":false},"excerpt":{"rendered":"<p>Algunos datos importantes Conoce m\u00e1s sobre nuestra empresa +25 Ciudades en donde estamos presentes +300 Clientes que conf\u00edan en nosotros [&hellip;]<\/p>\n","protected":false},"author":1,"featured_media":0,"parent":0,"menu_order":0,"comment_status":"closed","ping_status":"closed","template":"","meta":{"_monsterinsights_skip_tracking":false,"_monsterinsights_sitenote_active":false,"_monsterinsights_sitenote_note":"","_monsterinsights_sitenote_category":0,"_uf_show_specific_survey":0,"_uf_disable_surveys":false,"footnotes":""},"class_list":["post-114","page","type-page","status-publish","hentry"],"_links":{"self":[{"href":"https:\/\/cyemedica.com\/web\/wp-json\/wp\/v2\/pages\/114","targetHints":{"allow":["GET"]}}],"collection":[{"href":"https:\/\/cyemedica.com\/web\/wp-json\/wp\/v2\/pages"}],"about":[{"href":"https:\/\/cyemedica.com\/web\/wp-json\/wp\/v2\/types\/page"}],"author":[{"embeddable":true,"href":"https:\/\/cyemedica.com\/web\/wp-json\/wp\/v2\/users\/1"}],"replies":[{"embeddable":true,"href":"https:\/\/cyemedica.com\/web\/wp-json\/wp\/v2\/comments?post=114"}],"version-history":[{"count":184,"href":"https:\/\/cyemedica.com\/web\/wp-json\/wp\/v2\/pages\/114\/revisions"}],"predecessor-version":[{"id":2675,"href":"https:\/\/cyemedica.com\/web\/wp-json\/wp\/v2\/pages\/114\/revisions\/2675"}],"wp:attachment":[{"href":"https:\/\/cyemedica.com\/web\/wp-json\/wp\/v2\/media?parent=114"}],"curies":[{"name":"wp","href":"https:\/\/api.w.org\/{rel}","templated":true}]}}